{"id":33,"date":"2020-04-13T11:18:48","date_gmt":"2020-04-13T11:18:48","guid":{"rendered":"https:\/\/on-demand.band\/contact\/"},"modified":"2022-12-31T12:19:53","modified_gmt":"2022-12-31T11:19:53","slug":"contact","status":"publish","type":"page","link":"https:\/\/on-demand.band\/de\/contact\/","title":{"rendered":"Kontakt"},"content":{"rendered":"<div data-elementor-type=\"wp-page\" data-elementor-id=\"33\" class=\"elementor elementor-33\">\n\t\t\t\t\t\t<section class=\"elementor-section elementor-top-section elementor-element elementor-element-ede6f42 elementor-section-boxed elementor-section-height-default elementor-section-height-default\" data-id=\"ede6f42\" data-element_type=\"section\" data-settings=\"{&quot;background_background&quot;:&quot;classic&quot;}\">\n\t\t\t\t\t\t\t<div class=\"elementor-background-overlay\"><\/div>\n\t\t\t\t\t\t\t<div class=\"elementor-container elementor-column-gap-default\">\n\t\t\t\t\t<div class=\"elementor-column elementor-col-100 elementor-top-column elementor-element elementor-element-bc6a053\" data-id=\"bc6a053\" data-element_type=\"column\">\n\t\t\t<div class=\"elementor-widget-wrap elementor-element-populated\">\n\t\t\t\t\t\t<div class=\"elementor-element elementor-element-32a6ad1b elementor-widget elementor-widget-heading\" data-id=\"32a6ad1b\" data-element_type=\"widget\" data-widget_type=\"heading.default\">\n\t\t\t\t<div class=\"elementor-widget-container\">\n\t\t\t\t\t<h1 class=\"elementor-heading-title elementor-size-default\">Kontakt<\/h1>\t\t\t\t<\/div>\n\t\t\t\t<\/div>\n\t\t\t\t\t<\/div>\n\t\t<\/div>\n\t\t\t\t\t<\/div>\n\t\t<\/section>\n\t\t\t\t<section class=\"elementor-section elementor-top-section elementor-element elementor-element-29b02a85 elementor-section-content-top elementor-section-boxed elementor-section-height-default elementor-section-height-default\" data-id=\"29b02a85\" data-element_type=\"section\">\n\t\t\t\t\t\t<div class=\"elementor-container elementor-column-gap-no\">\n\t\t\t\t\t<div class=\"elementor-column elementor-col-50 elementor-top-column elementor-element elementor-element-30c96c92\" data-id=\"30c96c92\" data-element_type=\"column\">\n\t\t\t<div class=\"elementor-widget-wrap elementor-element-populated\">\n\t\t\t\t\t\t<div class=\"elementor-element elementor-element-552c4f6 elementor-widget elementor-widget-heading\" data-id=\"552c4f6\" data-element_type=\"widget\" data-widget_type=\"heading.default\">\n\t\t\t\t<div class=\"elementor-widget-container\">\n\t\t\t\t\t<h2 class=\"elementor-heading-title elementor-size-default\">So erreichen Sie uns<\/h2>\t\t\t\t<\/div>\n\t\t\t\t<\/div>\n\t\t\t\t<div class=\"elementor-element elementor-element-797852d1 elementor-widget elementor-widget-heading\" data-id=\"797852d1\" data-element_type=\"widget\" data-widget_type=\"heading.default\">\n\t\t\t\t<div class=\"elementor-widget-container\">\n\t\t\t\t\t<h3 class=\"elementor-heading-title elementor-size-default\">Telefon<\/h3>\t\t\t\t<\/div>\n\t\t\t\t<\/div>\n\t\t\t\t<div class=\"elementor-element elementor-element-742fde44 elementor-icon-list--layout-traditional elementor-list-item-link-full_width elementor-widget elementor-widget-icon-list\" data-id=\"742fde44\" data-element_type=\"widget\" data-widget_type=\"icon-list.default\">\n\t\t\t\t<div class=\"elementor-widget-container\">\n\t\t\t\t\t\t\t<ul class=\"elementor-icon-list-items\">\n\t\t\t\t\t\t\t<li class=\"elementor-icon-list-item\">\n\t\t\t\t\t\t\t\t\t\t\t<a href=\"tel:0041789278711\">\n\n\t\t\t\t\t\t\t\t\t\t\t\t<span class=\"elementor-icon-list-icon\">\n\t\t\t\t\t\t\t<i aria-hidden=\"true\" class=\"fas fa-phone-square-alt\"><\/i>\t\t\t\t\t\t<\/span>\n\t\t\t\t\t\t\t\t\t\t<span class=\"elementor-icon-list-text\">+41 78 927 87 11<\/span>\n\t\t\t\t\t\t\t\t\t\t\t<\/a>\n\t\t\t\t\t\t\t\t\t<\/li>\n\t\t\t\t\t\t<\/ul>\n\t\t\t\t\t\t<\/div>\n\t\t\t\t<\/div>\n\t\t\t\t<div class=\"elementor-element elementor-element-ff1c11b elementor-widget elementor-widget-heading\" data-id=\"ff1c11b\" data-element_type=\"widget\" data-widget_type=\"heading.default\">\n\t\t\t\t<div class=\"elementor-widget-container\">\n\t\t\t\t\t<h3 class=\"elementor-heading-title elementor-size-default\">E-Mail<\/h3>\t\t\t\t<\/div>\n\t\t\t\t<\/div>\n\t\t\t\t<div class=\"elementor-element elementor-element-4e3eee7 elementor-icon-list--layout-traditional elementor-list-item-link-full_width elementor-widget elementor-widget-icon-list\" data-id=\"4e3eee7\" data-element_type=\"widget\" data-widget_type=\"icon-list.default\">\n\t\t\t\t<div class=\"elementor-widget-container\">\n\t\t\t\t\t\t\t<ul class=\"elementor-icon-list-items\">\n\t\t\t\t\t\t\t<li class=\"elementor-icon-list-item\">\n\t\t\t\t\t\t\t\t\t\t\t<a href=\"mailto:info@on-demand.band\">\n\n\t\t\t\t\t\t\t\t\t\t\t\t<span class=\"elementor-icon-list-icon\">\n\t\t\t\t\t\t\t<i aria-hidden=\"true\" class=\"fas fa-info-circle\"><\/i>\t\t\t\t\t\t<\/span>\n\t\t\t\t\t\t\t\t\t\t<span class=\"elementor-icon-list-text\">info@on-demand.band<\/span>\n\t\t\t\t\t\t\t\t\t\t\t<\/a>\n\t\t\t\t\t\t\t\t\t<\/li>\n\t\t\t\t\t\t<\/ul>\n\t\t\t\t\t\t<\/div>\n\t\t\t\t<\/div>\n\t\t\t\t<div class=\"elementor-element elementor-element-53bd10b elementor-widget elementor-widget-heading\" data-id=\"53bd10b\" data-element_type=\"widget\" data-widget_type=\"heading.default\">\n\t\t\t\t<div class=\"elementor-widget-container\">\n\t\t\t\t\t<h3 class=\"elementor-heading-title elementor-size-default\">Social Media<\/h3>\t\t\t\t<\/div>\n\t\t\t\t<\/div>\n\t\t\t\t<div class=\"elementor-element elementor-element-459d68f elementor-icon-list--layout-traditional elementor-list-item-link-full_width elementor-widget elementor-widget-icon-list\" data-id=\"459d68f\" data-element_type=\"widget\" data-widget_type=\"icon-list.default\">\n\t\t\t\t<div class=\"elementor-widget-container\">\n\t\t\t\t\t\t\t<ul class=\"elementor-icon-list-items\">\n\t\t\t\t\t\t\t<li class=\"elementor-icon-list-item\">\n\t\t\t\t\t\t\t\t\t\t\t<a href=\"https:\/\/www.instagram.com\/band.on.demand\/\" target=\"_blank\">\n\n\t\t\t\t\t\t\t\t\t\t\t\t<span class=\"elementor-icon-list-icon\">\n\t\t\t\t\t\t\t<svg xmlns=\"http:\/\/www.w3.org\/2000\/svg\" viewbox=\"0 0 2476 2476\" width=\"2500\" height=\"2500\"><path d=\"M825.4 1238c0-227.9 184.7-412.7 412.6-412.7 227.9 0 412.7 184.8 412.7 412.7 0 227.9-184.8 412.7-412.7 412.7-227.9 0-412.6-184.8-412.6-412.7m-223.1 0c0 351.1 284.6 635.7 635.7 635.7s635.7-284.6 635.7-635.7-284.6-635.7-635.7-635.7S602.3 886.9 602.3 1238m1148-660.9c0 82 66.5 148.6 148.6 148.6 82 0 148.6-66.6 148.6-148.6s-66.5-148.5-148.6-148.5-148.6 66.5-148.6 148.5M737.8 2245.7c-120.7-5.5-186.3-25.6-229.9-42.6-57.8-22.5-99-49.3-142.4-92.6-43.3-43.3-70.2-84.5-92.6-142.3-17-43.6-37.1-109.2-42.6-229.9-6-130.5-7.2-169.7-7.2-500.3s1.3-369.7 7.2-500.3c5.5-120.7 25.7-186.2 42.6-229.9 22.5-57.8 49.3-99 92.6-142.4 43.3-43.3 84.5-70.2 142.4-92.6 43.6-17 109.2-37.1 229.9-42.6 130.5-6 169.7-7.2 500.2-7.2 330.6 0 369.7 1.3 500.3 7.2 120.7 5.5 186.2 25.7 229.9 42.6 57.8 22.4 99 49.3 142.4 92.6 43.3 43.3 70.1 84.6 92.6 142.4 17 43.6 37.1 109.2 42.6 229.9 6 130.6 7.2 169.7 7.2 500.3 0 330.5-1.2 369.7-7.2 500.3-5.5 120.7-25.7 186.3-42.6 229.9-22.5 57.8-49.3 99-92.6 142.3-43.3 43.3-84.6 70.1-142.4 92.6-43.6 17-109.2 37.1-229.9 42.6-130.5 6-169.7 7.2-500.3 7.2-330.5 0-369.7-1.2-500.2-7.2M727.6 7.5c-131.8 6-221.8 26.9-300.5 57.5-81.4 31.6-150.4 74-219.3 142.8C139 276.6 96.6 345.6 65 427.1 34.4 505.8 13.5 595.8 7.5 727.6 1.4 859.6 0 901.8 0 1238s1.4 378.4 7.5 510.4c6 131.8 26.9 221.8 57.5 300.5 31.6 81.4 73.9 150.5 142.8 219.3 68.8 68.8 137.8 111.1 219.3 142.8 78.8 30.6 168.7 51.5 300.5 57.5 132.1 6 174.2 7.5 510.4 7.5 336.3 0 378.4-1.4 510.4-7.5 131.8-6 221.8-26.9 300.5-57.5 81.4-31.7 150.4-74 219.3-142.8 68.8-68.8 111.1-137.9 142.8-219.3 30.6-78.7 51.6-168.7 57.5-300.5 6-132.1 7.4-174.2 7.4-510.4s-1.4-378.4-7.4-510.4c-6-131.8-26.9-221.8-57.5-300.5-31.7-81.4-74-150.4-142.8-219.3C2199.4 139 2130.3 96.6 2049 65c-78.8-30.6-168.8-51.6-300.5-57.5-132-6-174.2-7.5-510.4-7.5-336.3 0-378.4 1.4-510.5 7.5\"><\/path><\/svg>\t\t\t\t\t\t<\/span>\n\t\t\t\t\t\t\t\t\t\t<span class=\"elementor-icon-list-text\">Instagram<\/span>\n\t\t\t\t\t\t\t\t\t\t\t<\/a>\n\t\t\t\t\t\t\t\t\t<\/li>\n\t\t\t\t\t\t\t\t<li class=\"elementor-icon-list-item\">\n\t\t\t\t\t\t\t\t\t\t\t<a href=\"https:\/\/www.facebook.com\/band.demand\" target=\"_blank\">\n\n\t\t\t\t\t\t\t\t\t\t\t\t<span class=\"elementor-icon-list-icon\">\n\t\t\t\t\t\t\t<svg xmlns=\"http:\/\/www.w3.org\/2000\/svg\" height=\"2500\" viewbox=\"37.29 0 80.559 155.139\" width=\"2500\"><path d=\"M89.584 155.139V84.378h23.742l3.562-27.585H89.584V39.184c0-7.984 2.208-13.425 13.67-13.425l14.595-.006V1.08C115.325.752 106.661 0 96.577 0 75.52 0 61.104 12.853 61.104 36.452v20.341H37.29v27.585h23.814v70.761z\" fill=\"#1a1b1f\"><\/path><\/svg>\t\t\t\t\t\t<\/span>\n\t\t\t\t\t\t\t\t\t\t<span class=\"elementor-icon-list-text\">Facebook<\/span>\n\t\t\t\t\t\t\t\t\t\t\t<\/a>\n\t\t\t\t\t\t\t\t\t<\/li>\n\t\t\t\t\t\t<\/ul>\n\t\t\t\t\t\t<\/div>\n\t\t\t\t<\/div>\n\t\t\t\t\t<\/div>\n\t\t<\/div>\n\t\t\t\t<div class=\"elementor-column elementor-col-50 elementor-top-column elementor-element elementor-element-f174397\" data-id=\"f174397\" data-element_type=\"column\">\n\t\t\t<div class=\"elementor-widget-wrap elementor-element-populated\">\n\t\t\t\t\t\t<div class=\"elementor-element elementor-element-ec668b3 elementor-widget elementor-widget-heading\" data-id=\"ec668b3\" data-element_type=\"widget\" data-widget_type=\"heading.default\">\n\t\t\t\t<div class=\"elementor-widget-container\">\n\t\t\t\t\t<h2 class=\"elementor-heading-title elementor-size-default\">Schicken Sie uns eine Nachricht<\/h2>\t\t\t\t<\/div>\n\t\t\t\t<\/div>\n\t\t\t\t<div class=\"elementor-element elementor-element-6af7d36 elementor-widget elementor-widget-shortcode\" data-id=\"6af7d36\" data-element_type=\"widget\" data-widget_type=\"shortcode.default\">\n\t\t\t\t<div class=\"elementor-widget-container\">\n\t\t\t\t\t\t\t<div class=\"elementor-shortcode\"><div class=\"wpforms-container\" id=\"wpforms-7\"><form id=\"wpforms-form-7\" class=\"wpforms-validate wpforms-form\" data-formid=\"7\" method=\"post\" enctype=\"multipart\/form-data\" action=\"\/de\/wp-json\/wp\/v2\/pages\/33\" data-token=\"18009c4fac50e340df5df9604b69bcd3\" data-token-time=\"1776950447\" data-trp-original-action=\"\/de\/wp-json\/wp\/v2\/pages\/33\"><noscript class=\"wpforms-error-noscript\">Bitte aktiviere JavaScript in deinem Browser, um dieses Formular fertigzustellen.<\/noscript><div class=\"wpforms-field-container\"><div id=\"wpforms-7-field_3-container\" class=\"wpforms-field wpforms-field-name\" data-field-id=\"3\"><label class=\"wpforms-field-label wpforms-label-hide\" for=\"wpforms-7-field_3\">Name <span class=\"wpforms-required-label\">*<\/span><\/label><input type=\"text\" id=\"wpforms-7-field_3\" class=\"wpforms-field-large wpforms-field-required\" name=\"wpforms[fields][3]\" placeholder=\"Name\" required><\/div><div id=\"wpforms-7-field_4-container\" class=\"wpforms-field wpforms-field-name\" data-field-id=\"4\"><label class=\"wpforms-field-label wpforms-label-hide\" for=\"wpforms-7-field_4\">Telefon <span class=\"wpforms-required-label\">*<\/span><\/label><input type=\"text\" id=\"wpforms-7-field_4\" class=\"wpforms-field-large wpforms-field-required\" name=\"wpforms[fields][4]\" placeholder=\"Telefon\" required><\/div><div id=\"wpforms-7-field_1-container\" class=\"wpforms-field wpforms-field-email\" data-field-id=\"1\"><label class=\"wpforms-field-label wpforms-label-hide\" for=\"wpforms-7-field_1\">E-Mail <span class=\"wpforms-required-label\">*<\/span><\/label><input type=\"email\" id=\"wpforms-7-field_1\" class=\"wpforms-field-large wpforms-field-required\" name=\"wpforms[fields][1]\" placeholder=\"E-Mail\" spellcheck=\"false\" required><\/div><div id=\"wpforms-7-field_5-container\" class=\"wpforms-field wpforms-field-textarea\" data-field-id=\"5\"><label class=\"wpforms-field-label wpforms-label-hide\" for=\"wpforms-7-field_5\">Nachricht<\/label><textarea id=\"wpforms-7-field_5\" class=\"wpforms-field-medium\" name=\"wpforms[fields][5]\" placeholder=\"Nachricht\" ><\/textarea><\/div><\/div><!-- .wpforms-field-container --><div class=\"wpforms-field wpforms-field-hp\"><label for=\"wpforms-7-field-hp\" class=\"wpforms-field-label\">Nachricht<\/label><input type=\"text\" name=\"wpforms[hp]\" id=\"wpforms-7-field-hp\" class=\"wpforms-field-medium\"><\/div><div class=\"wpforms-submit-container\" ><input type=\"hidden\" name=\"wpforms[id]\" value=\"7\"><input type=\"hidden\" name=\"page_title\" value=\"\"><input type=\"hidden\" name=\"page_url\" value=\"https:\/\/on-demand.band\/de\/wp-json\/wp\/v2\/pages\/33\"><input type=\"hidden\" name=\"url_referer\" value=\"\"><button type=\"submit\" name=\"wpforms[submit]\" id=\"wpforms-submit-7\" class=\"wpforms-submit\" data-alt-text=\"...\" data-submit-text=\"Envoyer\" aria-live=\"assertive\" value=\"wpforms-submit\">Senden<\/button><\/div><input type=\"hidden\" name=\"trp-form-language\" value=\"de\"\/><\/form><\/div>  <!-- .wpforms-container --><\/div>\n\t\t\t\t\t\t<\/div>\n\t\t\t\t<\/div>\n\t\t\t\t\t<\/div>\n\t\t<\/div>\n\t\t\t\t\t<\/div>\n\t\t<\/section>\n\t\t\t\t<\/div>","protected":false},"excerpt":{"rendered":"<p>Contact Comment nous contacter T\u00e9l\u00e9phone +41 78 927 87 11 Email info@on-demand.band R\u00e9seaux sociaux Instagram Facebook Envoyez nous un message<\/p>","protected":false},"author":1,"featured_media":0,"parent":0,"menu_order":0,"comment_status":"closed","ping_status":"closed","template":"","meta":{"site-sidebar-layout":"no-sidebar","site-content-layout":"page-builder","ast-global-header-display":"","ast-main-header-display":"","ast-hfb-above-header-display":"","ast-hfb-below-header-display":"","ast-hfb-mobile-header-display":"","site-post-title":"disabled","ast-breadcrumbs-content":"","ast-featured-img":"","footer-sml-layout":"","theme-transparent-header-meta":"enabled","adv-header-id-meta":"","stick-header-meta":"","header-above-stick-meta":"","header-main-stick-meta":"","header-below-stick-meta":"","footnotes":""},"class_list":["post-33","page","type-page","status-publish","hentry"],"yoast_head":"<!-- This site is optimized with the Yoast SEO plugin v27.4 - https:\/\/yoast.com\/product\/yoast-seo-wordpress\/ -->\n<title>Contact - Band On Demand<\/title>\n<meta name=\"description\" content=\"A la recherche d&#039;un groupe de musique pour votre \u00e9v\u00e9nement? Auf der Suche nach einer Band f\u00fcr Ihr Event? Contactez nous! Schreiben Sie uns!\" \/>\n<meta name=\"robots\" content=\"index, follow, max-snippet:-1, max-image-preview:large, max-video-preview:-1\" \/>\n<link rel=\"canonical\" href=\"https:\/\/on-demand.band\/de\/contact\/\" \/>\n<meta property=\"og:locale\" content=\"de_DE\" \/>\n<meta property=\"og:type\" content=\"article\" \/>\n<meta property=\"og:title\" content=\"Contact - Band On Demand\" \/>\n<meta property=\"og:description\" content=\"A la recherche d&#039;un groupe de musique pour votre \u00e9v\u00e9nement? Auf der Suche nach einer Band f\u00fcr Ihr Event? Contactez nous! Schreiben Sie uns!\" \/>\n<meta property=\"og:url\" content=\"https:\/\/on-demand.band\/de\/contact\/\" \/>\n<meta property=\"og:site_name\" content=\"Band On Demand\" \/>\n<meta property=\"article:publisher\" content=\"https:\/\/www.facebook.com\/band.demand\" \/>\n<meta property=\"article:modified_time\" content=\"2022-12-31T11:19:53+00:00\" \/>\n<meta name=\"twitter:card\" content=\"summary_large_image\" \/>\n<meta name=\"twitter:label1\" content=\"Gesch\u00e4tzte Lesezeit\" \/>\n\t<meta name=\"twitter:data1\" content=\"1\u00a0Minute\" \/>\n<script type=\"application\/ld+json\" class=\"yoast-schema-graph\">{\"@context\":\"https:\\\/\\\/schema.org\",\"@graph\":[{\"@type\":\"WebPage\",\"@id\":\"https:\\\/\\\/on-demand.band\\\/contact\\\/\",\"url\":\"https:\\\/\\\/on-demand.band\\\/contact\\\/\",\"name\":\"Contact - Band On Demand\",\"isPartOf\":{\"@id\":\"https:\\\/\\\/on-demand.band\\\/#website\"},\"datePublished\":\"2020-04-13T11:18:48+00:00\",\"dateModified\":\"2022-12-31T11:19:53+00:00\",\"description\":\"A la recherche d'un groupe de musique pour votre \u00e9v\u00e9nement? Auf der Suche nach einer Band f\u00fcr Ihr Event? Contactez nous! Schreiben Sie uns!\",\"breadcrumb\":{\"@id\":\"https:\\\/\\\/on-demand.band\\\/contact\\\/#breadcrumb\"},\"inLanguage\":\"de\",\"potentialAction\":[{\"@type\":\"ReadAction\",\"target\":[\"https:\\\/\\\/on-demand.band\\\/contact\\\/\"]}]},{\"@type\":\"BreadcrumbList\",\"@id\":\"https:\\\/\\\/on-demand.band\\\/contact\\\/#breadcrumb\",\"itemListElement\":[{\"@type\":\"ListItem\",\"position\":1,\"name\":\"Home\",\"item\":\"https:\\\/\\\/on-demand.band\\\/\"},{\"@type\":\"ListItem\",\"position\":2,\"name\":\"Contact\"}]},{\"@type\":\"WebSite\",\"@id\":\"https:\\\/\\\/on-demand.band\\\/#website\",\"url\":\"https:\\\/\\\/on-demand.band\\\/\",\"name\":\"Band On Demand\",\"description\":\"Find the right music band for your event\",\"publisher\":{\"@id\":\"https:\\\/\\\/on-demand.band\\\/#organization\"},\"potentialAction\":[{\"@type\":\"SearchAction\",\"target\":{\"@type\":\"EntryPoint\",\"urlTemplate\":\"https:\\\/\\\/on-demand.band\\\/?s={search_term_string}\"},\"query-input\":{\"@type\":\"PropertyValueSpecification\",\"valueRequired\":true,\"valueName\":\"search_term_string\"}}],\"inLanguage\":\"de\"},{\"@type\":\"Organization\",\"@id\":\"https:\\\/\\\/on-demand.band\\\/#organization\",\"name\":\"Band On Demand\",\"url\":\"https:\\\/\\\/on-demand.band\\\/\",\"logo\":{\"@type\":\"ImageObject\",\"inLanguage\":\"de\",\"@id\":\"https:\\\/\\\/on-demand.band\\\/#\\\/schema\\\/logo\\\/image\\\/\",\"url\":\"https:\\\/\\\/on-demand.band\\\/wp-content\\\/uploads\\\/2022\\\/12\\\/Logo-Band-on-demand-v2-1.jpg\",\"contentUrl\":\"https:\\\/\\\/on-demand.band\\\/wp-content\\\/uploads\\\/2022\\\/12\\\/Logo-Band-on-demand-v2-1.jpg\",\"width\":1280,\"height\":1280,\"caption\":\"Band On Demand\"},\"image\":{\"@id\":\"https:\\\/\\\/on-demand.band\\\/#\\\/schema\\\/logo\\\/image\\\/\"},\"sameAs\":[\"https:\\\/\\\/www.facebook.com\\\/band.demand\"]}]}<\/script>\n<!-- \/ Yoast SEO plugin. -->","yoast_head_json":{"title":"Contact - Band On Demand","description":"A la recherche d'un groupe de musique pour votre \u00e9v\u00e9nement? Auf der Suche nach einer Band f\u00fcr Ihr Event? Contactez nous! Schreiben Sie uns!","robots":{"index":"index","follow":"follow","max-snippet":"max-snippet:-1","max-image-preview":"max-image-preview:large","max-video-preview":"max-video-preview:-1"},"canonical":"https:\/\/on-demand.band\/de\/contact\/","og_locale":"de_DE","og_type":"article","og_title":"Contact - Band On Demand","og_description":"A la recherche d'un groupe de musique pour votre \u00e9v\u00e9nement? Auf der Suche nach einer Band f\u00fcr Ihr Event? Contactez nous! Schreiben Sie uns!","og_url":"https:\/\/on-demand.band\/de\/contact\/","og_site_name":"Band On Demand","article_publisher":"https:\/\/www.facebook.com\/band.demand","article_modified_time":"2022-12-31T11:19:53+00:00","twitter_card":"summary_large_image","twitter_misc":{"Gesch\u00e4tzte Lesezeit":"1\u00a0Minute"},"schema":{"@context":"https:\/\/schema.org","@graph":[{"@type":"WebPage","@id":"https:\/\/on-demand.band\/contact\/","url":"https:\/\/on-demand.band\/contact\/","name":"Contact - Band On Demand","isPartOf":{"@id":"https:\/\/on-demand.band\/#website"},"datePublished":"2020-04-13T11:18:48+00:00","dateModified":"2022-12-31T11:19:53+00:00","description":"A la recherche d'un groupe de musique pour votre \u00e9v\u00e9nement? Auf der Suche nach einer Band f\u00fcr Ihr Event? Contactez nous! Schreiben Sie uns!","breadcrumb":{"@id":"https:\/\/on-demand.band\/contact\/#breadcrumb"},"inLanguage":"de","potentialAction":[{"@type":"ReadAction","target":["https:\/\/on-demand.band\/contact\/"]}]},{"@type":"BreadcrumbList","@id":"https:\/\/on-demand.band\/contact\/#breadcrumb","itemListElement":[{"@type":"ListItem","position":1,"name":"Home","item":"https:\/\/on-demand.band\/"},{"@type":"ListItem","position":2,"name":"Contact"}]},{"@type":"WebSite","@id":"https:\/\/on-demand.band\/#website","url":"https:\/\/on-demand.band\/","name":"Band On Demand","description":"Find the right music band for your event","publisher":{"@id":"https:\/\/on-demand.band\/#organization"},"potentialAction":[{"@type":"SearchAction","target":{"@type":"EntryPoint","urlTemplate":"https:\/\/on-demand.band\/?s={search_term_string}"},"query-input":{"@type":"PropertyValueSpecification","valueRequired":true,"valueName":"search_term_string"}}],"inLanguage":"de"},{"@type":"Organization","@id":"https:\/\/on-demand.band\/#organization","name":"Band On Demand","url":"https:\/\/on-demand.band\/","logo":{"@type":"ImageObject","inLanguage":"de","@id":"https:\/\/on-demand.band\/#\/schema\/logo\/image\/","url":"https:\/\/on-demand.band\/wp-content\/uploads\/2022\/12\/Logo-Band-on-demand-v2-1.jpg","contentUrl":"https:\/\/on-demand.band\/wp-content\/uploads\/2022\/12\/Logo-Band-on-demand-v2-1.jpg","width":1280,"height":1280,"caption":"Band On Demand"},"image":{"@id":"https:\/\/on-demand.band\/#\/schema\/logo\/image\/"},"sameAs":["https:\/\/www.facebook.com\/band.demand"]}]}},"_links":{"self":[{"href":"https:\/\/on-demand.band\/de\/wp-json\/wp\/v2\/pages\/33","targetHints":{"allow":["GET"]}}],"collection":[{"href":"https:\/\/on-demand.band\/de\/wp-json\/wp\/v2\/pages"}],"about":[{"href":"https:\/\/on-demand.band\/de\/wp-json\/wp\/v2\/types\/page"}],"author":[{"embeddable":true,"href":"https:\/\/on-demand.band\/de\/wp-json\/wp\/v2\/users\/1"}],"replies":[{"embeddable":true,"href":"https:\/\/on-demand.band\/de\/wp-json\/wp\/v2\/comments?post=33"}],"version-history":[{"count":11,"href":"https:\/\/on-demand.band\/de\/wp-json\/wp\/v2\/pages\/33\/revisions"}],"predecessor-version":[{"id":471,"href":"https:\/\/on-demand.band\/de\/wp-json\/wp\/v2\/pages\/33\/revisions\/471"}],"wp:attachment":[{"href":"https:\/\/on-demand.band\/de\/wp-json\/wp\/v2\/media?parent=33"}],"curies":[{"name":"wp","href":"https:\/\/api.w.org\/{rel}","templated":true}]}}